{"id":343,"date":"2020-12-30T07:36:21","date_gmt":"2020-12-30T07:36:21","guid":{"rendered":"https:\/\/twocent.my\/thunderhouz\/?post_type=product&#038;p=343"},"modified":"2020-12-30T07:36:22","modified_gmt":"2020-12-30T07:36:22","slug":"poke-ball-plus","status":"publish","type":"product","link":"https:\/\/twocent.my\/thunderhouz\/product\/poke-ball-plus\/","title":{"rendered":"Pok\u00e9 Ball\u2122 Plus"},"content":{"rendered":"<p>Every great Trainer needs a Pok\u00e9 Ball\u2122 to catch and store their Pok\u00e9mon\u2122. With Pok\u00e9 Ball Plus, you can bring your Pok\u00e9mon adventure into the real world with an accessory that fits in the palm of your hand. And just like with Pok\u00e9mon\u2122 GO Plus, you can use your Pok\u00e9 Ball Plus when playing\u00a0<em>Pok\u00e9mon\u2122 GO<\/em>\u00a0on a compatible smartphone.<\/p>\n<p><a class=\"text-btn-arrow subtle-link\" href=\"https:\/\/pokeballplus.nintendo.com\/\">Learn more about Pok\u00e9 Ball Plus<\/a><\/p>\n<p><small>At the time of its release, Pok\u00e9 Ball Plus will only be compatible as a controller for\u00a0<em>Pok\u00e9mon\u2122:\u00a0Let&#8217;s\u00a0Go,\u00a0Pikachu!<\/em>\u00a0and\u00a0<em>Pok\u00e9mon\u2122:\u00a0Let&#8217;s\u00a0Go,\u00a0Eevee!<\/em>\u00a0It cannot be used for other Nintendo Switch software titles.<\/small><\/p>\n<p>Compatible with: Nintendo Switch, Nintendo Switch Lite<\/p>\n","protected":false},"excerpt":{"rendered":"<p>Every great Trainer needs a Pok\u00e9 Ball\u2122 to catch and store their Pok\u00e9mon\u2122. With Pok\u00e9 Ball Plus, you can bring your Pok\u00e9mon adventure into the real world with an accessory that fits in the palm of your hand. And just like with Pok\u00e9mon\u2122 GO Plus, you can use your Pok\u00e9 Ball Plus when playing\u00a0<em>Pok\u00e9mon\u2122 GO<\/em>\u00a0on a compatible smartphone.<\/p>\n<p><a class=\"text-btn-arrow subtle-link\" href=\"https:\/\/pokeballplus.nintendo.com\/\">Learn more about Pok\u00e9 Ball Plus<\/a><\/p>\n<p><small>At the time of its release, Pok\u00e9 Ball Plus will only be compatible as a controller for\u00a0<em>Pok\u00e9mon\u2122:\u00a0Let&#8217;s\u00a0Go,\u00a0Pikachu!<\/em>\u00a0and\u00a0<em>Pok\u00e9mon\u2122:\u00a0Let&#8217;s\u00a0Go,\u00a0Eevee!<\/em>\u00a0It cannot be used for other Nintendo Switch software titles.<\/small><\/p>\n<p>Compatible with: Nintendo Switch, Nintendo Switch Lite<\/p>\n","protected":false},"featured_media":345,"comment_status":"open","ping_status":"closed","template":"","meta":{"site-sidebar-layout":"no-sidebar","site-content-layout":"plain-container","ast-site-content-layout":"","site-content-style":"default","site-sidebar-style":"default","ast-global-header-display":"","ast-banner-title-visibility":"","ast-main-header-display":"","ast-hfb-above-header-display":"","ast-hfb-below-header-display":"","ast-hfb-mobile-header-display":"","site-post-title":"disabled","ast-breadcrumbs-content":"","ast-featured-img":"disabled","footer-sml-layout":"","theme-transparent-header-meta":"default","adv-header-id-meta":"","stick-header-meta":"","header-above-stick-meta":"","header-main-stick-meta":"","header-below-stick-meta":"","astra-migrate-meta-layouts":"default","ast-page-background-enabled":"default","ast-page-background-meta":{"desktop":{"background-color":"var(--ast-global-color-4)","background-image":"","background-repeat":"repeat","background-position":"center center","background-size":"auto","background-attachment":"scroll","background-type":"","background-media":"","overlay-type":"","overlay-color":"","overlay-gradient":""},"tablet":{"background-color":"","background-image":"","background-repeat":"repeat","background-position":"center center","background-size":"auto","background-attachment":"scroll","background-type":"","background-media":"","overlay-type":"","overlay-color":"","overlay-gradient":""},"mobile":{"background-color":"","background-image":"","background-repeat":"repeat","background-position":"center center","background-size":"auto","background-attachment":"scroll","background-type":"","background-media":"","overlay-type":"","overlay-color":"","overlay-gradient":""}},"ast-content-background-meta":{"desktop":{"background-color":"var(--ast-global-color-5)","background-image":"","background-repeat":"repeat","background-position":"center center","background-size":"auto","background-attachment":"scroll","background-type":"","background-media":"","overlay-type":"","overlay-color":"","overlay-gradient":""},"tablet":{"background-color":"var(--ast-global-color-5)","background-image":"","background-repeat":"repeat","background-position":"center center","background-size":"auto","background-attachment":"scroll","background-type":"","background-media":"","overlay-type":"","overlay-color":"","overlay-gradient":""},"mobile":{"background-color":"var(--ast-global-color-5)","background-image":"","background-repeat":"repeat","background-position":"center center","background-size":"auto","background-attachment":"scroll","background-type":"","background-media":"","overlay-type":"","overlay-color":"","overlay-gradient":""}}},"product_cat":[19],"product_tag":[],"class_list":{"0":"post-343","1":"product","2":"type-product","3":"status-publish","4":"has-post-thumbnail","6":"product_cat-nintendo-switch","7":"pif-has-gallery","8":"desktop-align-left","9":"tablet-align-left","10":"mobile-align-left","12":"first","13":"instock","14":"shipping-taxable","15":"purchasable","16":"product-type-simple"},"_links":{"self":[{"href":"https:\/\/twocent.my\/thunderhouz\/wp-json\/wp\/v2\/product\/343","targetHints":{"allow":["GET"]}}],"collection":[{"href":"https:\/\/twocent.my\/thunderhouz\/wp-json\/wp\/v2\/product"}],"about":[{"href":"https:\/\/twocent.my\/thunderhouz\/wp-json\/wp\/v2\/types\/product"}],"replies":[{"embeddable":true,"href":"https:\/\/twocent.my\/thunderhouz\/wp-json\/wp\/v2\/comments?post=343"}],"wp:featuredmedia":[{"embeddable":true,"href":"https:\/\/twocent.my\/thunderhouz\/wp-json\/wp\/v2\/media\/345"}],"wp:attachment":[{"href":"https:\/\/twocent.my\/thunderhouz\/wp-json\/wp\/v2\/media?parent=343"}],"wp:term":[{"taxonomy":"product_cat","embeddable":true,"href":"https:\/\/twocent.my\/thunderhouz\/wp-json\/wp\/v2\/product_cat?post=343"},{"taxonomy":"product_tag","embeddable":true,"href":"https:\/\/twocent.my\/thunderhouz\/wp-json\/wp\/v2\/product_tag?post=343"}],"curies":[{"name":"wp","href":"https:\/\/api.w.org\/{rel}","templated":true}]}}